{"id":98,"date":"2019-08-20T16:44:58","date_gmt":"2019-08-20T16:44:58","guid":{"rendered":"http:\/\/malou-coaching.at\/?page_id=98"},"modified":"2019-10-11T13:41:19","modified_gmt":"2019-10-11T13:41:19","slug":"ueber-mich","status":"publish","type":"page","link":"https:\/\/malou-coaching.at\/?page_id=98","title":{"rendered":"\u00fcber mich"},"content":{"rendered":"<p><!-- start Title --><br \/>\n\u00fcber mich &#8230;<br \/>\n\t\t\t<!-- end Title --><!-- start Image --><br \/>\n  <img src=\"http:\/\/malou-coaching.at\/wp-content\/uploads\/2019\/08\/20170715_173413-e1569314219877.jpg\" alt=\"\" title=\"\" style=\"max-width:100; width:100%;border-radius:20px;margin:0;\" \/><br \/>\n\t\t\t<!-- end Image --><br \/>\n\t\t\t<!-- start Empty Space --><br \/>\n\t\t\t<!-- end Empty Space --><!-- start Title --><br \/>\nIch bin Ich<br \/>\n\t\t\t<!-- end Title --><!-- start Title --><br \/>\neinzigartig. so gedacht. so gewollt.<br \/>\n\t\t\t<!-- end Title --><!-- start Title --><br \/>\n<br \/>\n\t\t\t<!-- end Title --><!-- start Title --><br \/>\n\t\t\t<!-- end Title --><!-- start Title --><br \/>\nMaria-Luise Hebenstreit<br \/>\n\t\t\t<!-- end Title --><!-- start Title --><br \/>\n* Dipl. Mentaltrainerin f\u00fcr Erwachsene, Jugendliche und Kinder<br \/>\n\t\t\t<!-- end Title --><!-- start Title --><br \/>\n* The WORK Coach<br \/>\n\t\t\t<!-- end Title --><!-- start Title --><br \/>\n* Zert. Lachyoga &#8211; Trainerin<br \/>\n\t\t\t<!-- end Title --><!-- start Title --><br \/>\n* Zert. Ern\u00e4hrungstrainerin<br \/>\n\t\t\t<!-- end Title --><!-- start Title --><br \/>\n* Zert. Aroha &#8211; Trainerin<br \/>\n\t\t\t<!-- end Title --><br \/>\n\t\t\t<!-- start Title --><br \/>\nmeine Wurzeln<br \/>\n\t\t\t<!-- end Title --><!-- start Image --><br \/>\n  <img src=\"http:\/\/malou-coaching.at\/wp-content\/uploads\/2019\/10\/Mama-und-Papa-sw.jpg\" alt=\"\" title=\"\" style=\"max-width:100%; width:100%;border-radius:0px;margin:0;\" \/><br \/>\n\t\t\t<!-- end Image --><br \/>\n\t\t\t<!-- start Title --><br \/>\nmeine M\u00e4dels<br \/>\n\t\t\t<!-- end Title --><!-- start Image --><br \/>\n  <img src=\"http:\/\/malou-coaching.at\/wp-content\/uploads\/2019\/10\/M\u00e4dels-mit-Lou.jpg\" alt=\"\" title=\"\" style=\"max-width:100%; width:100%;border-radius:0px;margin:0;\" \/><br \/>\n\t\t\t<!-- end Image --><br \/>\n\t\t\t<!-- start Title --><br \/>\nbeste Freunde<br \/>\n\t\t\t<!-- end Title --><!-- start Image --><br \/>\n  <img src=\"http:\/\/malou-coaching.at\/wp-content\/uploads\/2019\/10\/Freunde-Bl\u00f6delfoto.jpg\" alt=\"\" title=\"\" style=\"max-width:100%; width:100%;border-radius:0px;margin:0;\" \/><br \/>\n\t\t\t<!-- end Image --><br \/>\n\t\t\t<!-- start Title --><br \/>\nbunte Welt<br \/>\n\t\t\t<!-- end Title --><!-- start Image --><br \/>\n  <img src=\"http:\/\/malou-coaching.at\/wp-content\/uploads\/2019\/10\/Lou-buntes-Cabrio.jpg\" alt=\"\" title=\"\" style=\"max-width:100%; width:100%;border-radius:0px;margin:0;\" \/><br \/>\n\t\t\t<!-- end Image --><br \/>\n\t\t\t<!-- start Title --><br \/>\nUrlaubsfeeling<br \/>\n\t\t\t<!-- end Title --><!-- start Image --><br \/>\n  <img src=\"http:\/\/malou-coaching.at\/wp-content\/uploads\/2019\/10\/Mohnblumen.jpg\" alt=\"\" title=\"\" style=\"max-width:100%; width:100%;border-radius:0px;margin:0;\" \/><br \/>\n\t\t\t<!-- end Image --><\/p>\n","protected":false},"excerpt":{"rendered":"<p>\u00fcber mich &#8230; Ich bin Ich einzigartig. so gedacht. so gewollt. Maria-Luise Hebenstreit * Dipl. Mentaltrainerin f\u00fcr Erwachsene, Jugendliche und Kinder * The WORK Coach * Zert. Lachyoga &#8211; Trainerin * Zert. Ern\u00e4hrungstrainerin * Zert. Aroha &#8211; Trainerin meine Wurzeln meine M\u00e4dels beste Freunde bunte Welt Urlaubsfeeling<\/p>\n","protected":false},"author":1,"featured_media":0,"parent":0,"menu_order":0,"comment_status":"closed","ping_status":"closed","template":"","meta":[],"_links":{"self":[{"href":"https:\/\/malou-coaching.at\/index.php?rest_route=\/wp\/v2\/pages\/98"}],"collection":[{"href":"https:\/\/malou-coaching.at\/index.php?rest_route=\/wp\/v2\/pages"}],"about":[{"href":"https:\/\/malou-coaching.at\/index.php?rest_route=\/wp\/v2\/types\/page"}],"author":[{"embeddable":true,"href":"https:\/\/malou-coaching.at\/index.php?rest_route=\/wp\/v2\/users\/1"}],"replies":[{"embeddable":true,"href":"https:\/\/malou-coaching.at\/index.php?rest_route=%2Fwp%2Fv2%2Fcomments&post=98"}],"version-history":[{"count":19,"href":"https:\/\/malou-coaching.at\/index.php?rest_route=\/wp\/v2\/pages\/98\/revisions"}],"predecessor-version":[{"id":353,"href":"https:\/\/malou-coaching.at\/index.php?rest_route=\/wp\/v2\/pages\/98\/revisions\/353"}],"wp:attachment":[{"href":"https:\/\/malou-coaching.at\/index.php?rest_route=%2Fwp%2Fv2%2Fmedia&parent=98"}],"curies":[{"name":"wp","href":"https:\/\/api.w.org\/{rel}","templated":true}]}}