{"id":89,"date":"2019-08-20T16:43:40","date_gmt":"2019-08-20T16:43:40","guid":{"rendered":"http:\/\/malou-coaching.at\/?page_id=89"},"modified":"2019-10-09T12:17:57","modified_gmt":"2019-10-09T12:17:57","slug":"mental","status":"publish","type":"page","link":"https:\/\/malou-coaching.at\/?page_id=89","title":{"rendered":"mental"},"content":{"rendered":"<p><!-- start Title --><br \/>\nmental &#8230;<br \/>\n<!-- end Title --><!-- start Image --><br \/>\n<img title=\"\" style=\"max-width:100%; width:100%;border-radius:0px;margin:0;\" alt=\"\" src=\"http:\/\/malou-coaching.at\/wp-content\/uploads\/2019\/08\/IMG-20170720-WA0019.jpg\"><br \/>\n<!-- end Image --><br \/>\n<!-- start Paragraph --><br \/>\n<!-- end Paragraph --><!-- start Title --><br \/>\n<!-- end Title --><!-- start Paragraph --><br \/>\nDurch das untrennbare Zusammenwirken von Gedanken, Gef\u00fchlen, inneren Bildern und Handlungen erschaffen wir uns unsere Realit\u00e4t. Das Mental-training macht sich zu Nutze, dass das Gehirn zwischen Vorstellung und tats\u00e4chlich Erlebten nicht unterscheiden kann.<br \/>\n<!-- end Paragraph --><!-- start Title --><br \/>\nmalou-coaching unterst\u00fctzt:<br \/>\n<!-- end Title --><!-- start Title --><br \/>\n+ Pers\u00f6nlichkeitsentwicklung (Selbstbewusstsein, Lebensfreude, &#8230;)<br \/>\n<!-- end Title --><!-- start Title --><br \/>\n+ Blockaden \u00fcberwinden (alte Glaubensmuster, \u00c4ngste, &#8230;)<br \/>\n<!-- end Title --><!-- start Title --><br \/>\n+ Beziehungsthemen (Schuldgef\u00fchle, Eifersucht, &#8230;)<br \/>\n<!-- end Title --><!-- start Title --><br \/>\n+ Sport (mentale St\u00e4rke, &#8222;Schweinehund&#8220; \u00fcberwinden, &#8230;)<br \/>\n<!-- end Title --><!-- start Title --><br \/>\n+ Beruf (Ziele festlegen, Stressreduktion, Mobbing, &#8230;)<br \/>\n<!-- end Title --><!-- start Title --><br \/>\n+ Entspannung (Meditation, Achtsamkeit, Bewusstsein, &#8230;)<br \/>\n<!-- end Title --><br \/>\n<!-- start Title --><br \/>\nDer Kopf ist rund, damit das Denken die Richtung \u00e4ndern kann.<br \/>\n<!-- end Title --><br \/>\n<!-- start Title --><br \/>\n(Francis Picabia)<br \/>\n<!-- end Title --><\/p>\n","protected":false},"excerpt":{"rendered":"<p>mental &#8230; Durch das untrennbare Zusammenwirken von Gedanken, Gef\u00fchlen, inneren Bildern und Handlungen erschaffen wir uns unsere Realit\u00e4t. Das Mental-training macht sich zu Nutze, dass das Gehirn zwischen Vorstellung und tats\u00e4chlich Erlebten nicht unterscheiden kann. malou-coaching unterst\u00fctzt: + Pers\u00f6nlichkeitsentwicklung (Selbstbewusstsein, Lebensfreude, &#8230;) + Blockaden \u00fcberwinden (alte Glaubensmuster, \u00c4ngste, &#8230;) + Beziehungsthemen (Schuldgef\u00fchle, Eifersucht, &#8230;) + Sport (mentale St\u00e4rke, &#8222;Schweinehund&#8220; \u00fcberwinden,&hellip;<\/p>\n","protected":false},"author":1,"featured_media":0,"parent":0,"menu_order":0,"comment_status":"closed","ping_status":"closed","template":"","meta":[],"_links":{"self":[{"href":"https:\/\/malou-coaching.at\/index.php?rest_route=\/wp\/v2\/pages\/89"}],"collection":[{"href":"https:\/\/malou-coaching.at\/index.php?rest_route=\/wp\/v2\/pages"}],"about":[{"href":"https:\/\/malou-coaching.at\/index.php?rest_route=\/wp\/v2\/types\/page"}],"author":[{"embeddable":true,"href":"https:\/\/malou-coaching.at\/index.php?rest_route=\/wp\/v2\/users\/1"}],"replies":[{"embeddable":true,"href":"https:\/\/malou-coaching.at\/index.php?rest_route=%2Fwp%2Fv2%2Fcomments&post=89"}],"version-history":[{"count":31,"href":"https:\/\/malou-coaching.at\/index.php?rest_route=\/wp\/v2\/pages\/89\/revisions"}],"predecessor-version":[{"id":350,"href":"https:\/\/malou-coaching.at\/index.php?rest_route=\/wp\/v2\/pages\/89\/revisions\/350"}],"wp:attachment":[{"href":"https:\/\/malou-coaching.at\/index.php?rest_route=%2Fwp%2Fv2%2Fmedia&parent=89"}],"curies":[{"name":"wp","href":"https:\/\/api.w.org\/{rel}","templated":true}]}}